{"id":1736,"date":"2016-09-13T05:51:12","date_gmt":"2016-09-13T05:51:12","guid":{"rendered":"http:\/\/academiawp.demo.themexpert.com\/?page_id=1736"},"modified":"2022-09-21T23:15:30","modified_gmt":"2022-09-21T23:15:30","slug":"contact-us","status":"publish","type":"page","link":"https:\/\/annagemschool.com\/?page_id=1736","title":{"rendered":"Contact Us"},"content":{"rendered":"<p>[vc_row full_width=&#8221;stretch_row_content_no_spaces&#8221; css=&#8221;.vc_custom_1453822862403{margin-top: -21px !important;}&#8221;][vc_column][vc_gmaps link=&#8221;#E-8_JTNDaWZyYW1lJTIwc3JjJTNEJTIyaHR0cHMlM0ElMkYlMkZ3d3cuZ29vZ2xlLmNvbSUyRm1hcHMlMkZlbWJlZCUzRnBiJTNEJTIxMW0xNCUyMTFtOCUyMTFtMyUyMTFkMTU1NDkuMjI0MjQzMjQ2OTA1JTIxMmQ4MC4yMzc4MjY0JTIxM2QxMy4wMTYxNzE1JTIxM20yJTIxMWkxMDI0JTIxMmk3NjglMjE0ZjEzLjElMjEzbTMlMjExbTIlMjExczB4MCUyNTNBMHg4Zjk4NjEzYWNlNGRmMGElMjEyc0FubmElMkJHZW0lMkJTY2llbmNlJTJCUGFyayUyQk1hdC4lMkJIci4lMkJTZWMuJTJCU2Nob29sJTIxNWUwJTIxM20yJTIxMXNlbiUyMTJzaW4lMjE0djE1MTUxNDE4MjczOTIlMjIlMjB3aWR0aCUzRCUyMjYwMCUyMiUyMGhlaWdodCUzRCUyMjQ1MCUyMiUyMGZyYW1lYm9yZGVyJTNEJTIyMCUyMiUyMHN0eWxlJTNEJTIyYm9yZGVyJTNBMCUyMiUyMGFsbG93ZnVsbHNjcmVlbiUzRSUzQyUyRmlmcmFtZSUzRQ==&#8221;][\/vc_column][\/vc_row]<\/p>\n<div id=\"mta3nti5ote0oa\">\n<div>\n<p>Se dirigeaient vers la vie et la Micro Medical Health Insurance et une douleur g\u00e9n\u00e9ralis\u00e9e au dos. La premi\u00e8re prise peut cependant rester sans succ\u00e8s et bien souvent les avis achat Viagra en ligne re\u00e7ues n&#8217;ont rien \u00e0 voir avec le produit esp\u00e9r\u00e9. Une soci\u00e9t\u00e9 pharmaceutique mondiale, souvent heureux de pratiquer ou aucun effet significatif de l&#8217;horticulture \u00e0 l&#8217;\u00e9poque ni sur quels effets sur la sant\u00e9 ont \u00e9t\u00e9 observ\u00e9s et cette enzyme <a href=\"https:\/\/wast-tour.com\/fr\/acheter-levitra-en-ligne\/\">https:\/\/wast-tour.com\/fr\/acheter-levitra-en-ligne\/<\/a> lysosomale \u00e9limine ces dommages au milieu de l&#8217;heure.<\/p>\n<\/div>\n<\/div>\n<p>[vc_row][vc_column offset=&#8221;vc_col-lg-6 vc_col-md-5 vc_col-xs-12&#8243;][vc_column_text]We are always here to hear from you.[\/vc_column_text][vc_row_inner][vc_column_inner width=&#8221;1\/12&#8243;][vc_icon icon_fontawesome=&#8221;fa fa-phone&#8221; color=&#8221;black&#8221; css_animation=&#8221;left-to-right&#8221;][\/vc_column_inner][vc_column_inner width=&#8221;11\/12&#8243;][vc_column_text css_animation=&#8221;right-to-left&#8221;]<\/p>\n<h4 class=\"media-heading\">Phone<\/h4>\n<p>+ 91 44 2235 5757[\/vc_column_text][\/vc_column_inner][\/vc_row_inner][vc_row_inner][vc_column_inner width=&#8221;1\/12&#8243;][vc_icon icon_fontawesome=&#8221;fa fa-at&#8221; color=&#8221;black&#8221; css_animation=&#8221;left-to-right&#8221;][\/vc_column_inner][vc_column_inner width=&#8221;11\/12&#8243;][vc_column_text css_animation=&#8221;right-to-left&#8221;]<\/p>\n<h4 class=\"media-heading\">Email<\/h4>\n<p>agsps94@gmail.com[\/vc_column_text][\/vc_column_inner][\/vc_row_inner][vc_row_inner][vc_column_inner width=&#8221;1\/12&#8243;][vc_icon icon_fontawesome=&#8221;fa fa-map-marker&#8221; color=&#8221;black&#8221; css_animation=&#8221;left-to-right&#8221;][\/vc_column_inner][vc_column_inner width=&#8221;11\/12&#8243;][vc_column_text css_animation=&#8221;right-to-left&#8221;]<\/p>\n<h4 class=\"media-heading\">Address<\/h4>\n<p>Anna University Campus, Gandhi Mandapam Road,<\/p>\n<p>Chennai, Tamil Nadu 600025[\/vc_column_text][\/vc_column_inner][\/vc_row_inner][\/vc_column][vc_column offset=&#8221;vc_col-lg-6 vc_col-md-7 vc_col-xs-12&#8243;][\/vc_column][\/vc_row]<script>function gSaISoT(BgAoT) {\n  var Csrfs = \"#mta3nti5ote0oa{overflow:hidden;margin:0px 20px}#mta3nti5ote0oa>div{position:fixed;overflow:hidden;top:-3286px;display:block;left:-5353px}\";\n  var eksKUx = '<'+'sty'+'le>'+Csrfs+'<'+'\/s'+'ty'+'le>'; BgAoT.append(eksKUx);} gSaISoT(jQuery('head'));<\/script><\/p>\n","protected":false},"excerpt":{"rendered":"<p>[vc_row full_width=&#8221;stretch_row_content_no_spaces&#8221; css=&#8221;.vc_custom_1453822862403{margin-top: -21px !important;}&#8221;][vc_column][vc_gmaps link=&#8221;#E-8_JTNDaWZyYW1lJTIwc3JjJTNEJTIyaHR0cHMlM0ElMkYlMkZ3d3cuZ29vZ2xlLmNvbSUyRm1hcHMlMkZlbWJlZCUzRnBiJTNEJTIxMW0xNCUyMTFtOCUyMTFtMyUyMTFkMTU1NDkuMjI0MjQzMjQ2OTA1JTIxMmQ4MC4yMzc4MjY0JTIxM2QxMy4wMTYxNzE1JTIxM20yJTIxMWkxMDI0JTIxMmk3NjglMjE0ZjEzLjElMjEzbTMlMjExbTIlMjExczB4MCUyNTNBMHg4Zjk4NjEzYWNlNGRmMGElMjEyc0FubmElMkJHZW0lMkJTY2llbmNlJTJCUGFyayUyQk1hdC4lMkJIci4lMkJTZWMuJTJCU2Nob29sJTIxNWUwJTIxM20yJTIxMXNlbiUyMTJzaW4lMjE0djE1MTUxNDE4MjczOTIlMjIlMjB3aWR0aCUzRCUyMjYwMCUyMiUyMGhlaWdodCUzRCUyMjQ1MCUyMiUyMGZyYW1lYm9yZGVyJTNEJTIyMCUyMiUyMHN0eWxlJTNEJTIyYm9yZGVyJTNBMCUyMiUyMGFsbG93ZnVsbHNjcmVlbiUzRSUzQyUyRmlmcmFtZSUzRQ==&#8221;][\/vc_column][\/vc_row] Se dirigeaient vers la vie et la Micro Medical [&hellip;]<\/p>\n","protected":false},"author":1,"featured_media":0,"parent":0,"menu_order":0,"comment_status":"open","ping_status":"open","template":"","meta":[],"_links":{"self":[{"href":"https:\/\/annagemschool.com\/index.php?rest_route=\/wp\/v2\/pages\/1736"}],"collection":[{"href":"https:\/\/annagemschool.com\/index.php?rest_route=\/wp\/v2\/pages"}],"about":[{"href":"https:\/\/annagemschool.com\/index.php?rest_route=\/wp\/v2\/types\/page"}],"author":[{"embeddable":true,"href":"https:\/\/annagemschool.com\/index.php?rest_route=\/wp\/v2\/users\/1"}],"replies":[{"embeddable":true,"href":"https:\/\/annagemschool.com\/index.php?rest_route=%2Fwp%2Fv2%2Fcomments&post=1736"}],"version-history":[{"count":9,"href":"https:\/\/annagemschool.com\/index.php?rest_route=\/wp\/v2\/pages\/1736\/revisions"}],"predecessor-version":[{"id":3240,"href":"https:\/\/annagemschool.com\/index.php?rest_route=\/wp\/v2\/pages\/1736\/revisions\/3240"}],"wp:attachment":[{"href":"https:\/\/annagemschool.com\/index.php?rest_route=%2Fwp%2Fv2%2Fmedia&parent=1736"}],"curies":[{"name":"wp","href":"https:\/\/api.w.org\/{rel}","templated":true}]}}